{"id":859,"date":"2025-04-22T12:34:05","date_gmt":"2025-04-22T10:34:05","guid":{"rendered":"https:\/\/www.catchup-apps.com\/imprint-hrs-app\/"},"modified":"2025-05-22T17:18:49","modified_gmt":"2025-05-22T15:18:49","slug":"imprint-hrs-app","status":"publish","type":"page","link":"https:\/\/www.catchup-apps.com\/en\/imprint-hrs-app\/","title":{"rendered":"Imprint HRS-App"},"content":{"rendered":"\n<div class=\"wp-block-uagb-container uagb-block-49e502c7 alignfull uagb-is-root-container\"><div class=\"uagb-container-inner-blocks-wrap\">\n<h1 class=\"wp-block-heading\">Imprint<\/h1>\n\n\n\n<h2 class=\"wp-block-heading\">Status as of 19.10.2021<\/h2>\n\n\n\n<h3 class=\"wp-block-heading\">Technically responsible:<\/h3>\n\n\n\n<p>Catchup Applications KG<br\/>Glockengie\u00dferwall 26<br\/>20095 Hamburg<br\/>+49 40 303066500<br\/><a href=\"mailto:info@catchup-apps.com\">info@catchup-apps.com<\/a><\/p>\n\n\n\n<p>Hamburg Local Court<br\/>HRA 125782<br\/>St.Nr.: 48\/610\/04037<br\/>VAT ID: DE 300 664 275<\/p>\n\n\n\n<p>Personally liable partners<br\/>Fiona Hackmann<br\/>Michael Hackmann<br\/>Patrick Zenker<\/p>\n\n\n\n<h3 class=\"wp-block-heading\">Responsible for content:<\/h3>\n\n\n\n<p>H\u00f4pitaux Robert Schuman<br\/>9 Rue Edward Steichen<br\/>L-2540 Luxemburg<br\/>E-Mail: <a href=\"mailto:info@klinikumevb.de\">service.communication@hopitauxschuman.lu<\/a><br\/>Internet: <a href=\"http:\/\/www.klinikumevb.de\/\" target=\"_blank\" rel=\"noreferrer noopener\">www.hopitauxschuman.lu<\/a><\/p>\n<\/div><\/div>\n","protected":false},"excerpt":{"rendered":"<p>Imprint Status as of 19.10.2021 Technically responsible: Catchup Applications KGGlockengie\u00dferwall 2620095 Hamburg+49 40 303066500info@catchup-apps.com Hamburg Local CourtHRA 125782St.Nr.: 48\/610\/04037VAT ID: [&hellip;]<\/p>\n","protected":false},"author":6,"featured_media":0,"parent":0,"menu_order":0,"comment_status":"closed","ping_status":"closed","template":"","meta":{"inline_featured_image":false,"_uag_custom_page_level_css":"","site-sidebar-layout":"default","site-content-layout":"","ast-site-content-layout":"","site-content-style":"default","site-sidebar-style":"default","ast-global-header-display":"","ast-banner-title-visibility":"","ast-main-header-display":"","ast-hfb-above-header-display":"","ast-hfb-below-header-display":"","ast-hfb-mobile-header-display":"","site-post-title":"disabled","ast-breadcrumbs-content":"disabled","ast-featured-img":"","footer-sml-layout":"","ast-disable-related-posts":"","theme-transparent-header-meta":"disabled","adv-header-id-meta":"","stick-header-meta":"enabled","header-above-stick-meta":"","header-main-stick-meta":"disabled","header-below-stick-meta":"","astra-migrate-meta-layouts":"default","ast-page-background-enabled":"default","ast-page-background-meta":{"desktop":{"background-color":"var(--ast-global-color-5)","background-image":"","background-repeat":"repeat","background-position":"center center","background-size":"auto","background-attachment":"scroll","background-type":"","background-media":"","overlay-type":"","overlay-color":"","overlay-opacity":"","overlay-gradient":""},"tablet":{"background-color":"","background-image":"","background-repeat":"repeat","background-position":"center center","background-size":"auto","background-attachment":"scroll","background-type":"","background-media":"","overlay-type":"","overlay-color":"","overlay-opacity":"","overlay-gradient":""},"mobile":{"background-color":"","background-image":"","background-repeat":"repeat","background-position":"center center","background-size":"auto","background-attachment":"scroll","background-type":"","background-media":"","overlay-type":"","overlay-color":"","overlay-opacity":"","overlay-gradient":""}},"ast-content-background-meta":{"desktop":{"background-color":"var(--ast-global-color-4)","background-image":"","background-repeat":"repeat","background-position":"center center","background-size":"auto","background-attachment":"scroll","background-type":"","background-media":"","overlay-type":"","overlay-color":"","overlay-opacity":"","overlay-gradient":""},"tablet":{"background-color":"var(--ast-global-color-4)","background-image":"","background-repeat":"repeat","background-position":"center center","background-size":"auto","background-attachment":"scroll","background-type":"","background-media":"","overlay-type":"","overlay-color":"","overlay-opacity":"","overlay-gradient":""},"mobile":{"background-color":"var(--ast-global-color-4)","background-image":"","background-repeat":"repeat","background-position":"center center","background-size":"auto","background-attachment":"scroll","background-type":"","background-media":"","overlay-type":"","overlay-color":"","overlay-opacity":"","overlay-gradient":""}},"footnotes":""},"wf_page_folders":[12],"class_list":["post-859","page","type-page","status-publish","hentry"],"yoast_head":"<!-- This site is optimized with the Yoast SEO plugin v27.0 - https:\/\/yoast.com\/product\/yoast-seo-wordpress\/ -->\n<title>Imprint HRS-App - Catchup Applications<\/title>\n<meta name=\"robots\" content=\"index, follow, max-snippet:-1, max-image-preview:large, max-video-preview:-1\" \/>\n<link rel=\"canonical\" href=\"https:\/\/www.catchup-apps.com\/imprint-hrs-app\/?lang=en\" \/>\n<meta property=\"og:locale\" content=\"en_US\" \/>\n<meta property=\"og:type\" content=\"article\" \/>\n<meta property=\"og:title\" content=\"Imprint HRS-App - Catchup Applications\" \/>\n<meta property=\"og:description\" content=\"Imprint Status as of 19.10.2021 Technically responsible: Catchup Applications KGGlockengie\u00dferwall 2620095 Hamburg+49 40 303066500info@catchup-apps.com Hamburg Local CourtHRA 125782St.Nr.: 48\/610\/04037VAT ID: [&hellip;]\" \/>\n<meta property=\"og:url\" content=\"https:\/\/www.catchup-apps.com\/imprint-hrs-app\/?lang=en\" \/>\n<meta property=\"og:site_name\" content=\"Catchup Applications\" \/>\n<meta property=\"article:modified_time\" content=\"2025-05-22T15:18:49+00:00\" \/>\n<meta name=\"twitter:card\" content=\"summary_large_image\" \/>\n<script type=\"application\/ld+json\" class=\"yoast-schema-graph\">{\"@context\":\"https:\/\/schema.org\",\"@graph\":[{\"@type\":\"WebPage\",\"@id\":\"https:\/\/www.catchup-apps.com\/imprint-hrs-app\/?lang=en\",\"url\":\"https:\/\/www.catchup-apps.com\/imprint-hrs-app\/?lang=en\",\"name\":\"Imprint HRS-App - Catchup Applications\",\"isPartOf\":{\"@id\":\"https:\/\/www.catchup-apps.com\/#website\"},\"datePublished\":\"2025-04-22T10:34:05+00:00\",\"dateModified\":\"2025-05-22T15:18:49+00:00\",\"breadcrumb\":{\"@id\":\"https:\/\/www.catchup-apps.com\/imprint-hrs-app\/?lang=en#breadcrumb\"},\"inLanguage\":\"en-US\",\"potentialAction\":[{\"@type\":\"ReadAction\",\"target\":[\"https:\/\/www.catchup-apps.com\/imprint-hrs-app\/?lang=en\"]}]},{\"@type\":\"BreadcrumbList\",\"@id\":\"https:\/\/www.catchup-apps.com\/imprint-hrs-app\/?lang=en#breadcrumb\",\"itemListElement\":[{\"@type\":\"ListItem\",\"position\":1,\"name\":\"Home\",\"item\":\"https:\/\/www.catchup-apps.com\/?lang=en\"},{\"@type\":\"ListItem\",\"position\":2,\"name\":\"Imprint HRS-App\"}]},{\"@type\":\"WebSite\",\"@id\":\"https:\/\/www.catchup-apps.com\/#website\",\"url\":\"https:\/\/www.catchup-apps.com\/\",\"name\":\"Catchup Applications\",\"description\":\"Indoor-Navigation f\u00fcr Krankenh\u00e4user und Spit\u00e4ler\",\"publisher\":{\"@id\":\"https:\/\/www.catchup-apps.com\/#organization\"},\"potentialAction\":[{\"@type\":\"SearchAction\",\"target\":{\"@type\":\"EntryPoint\",\"urlTemplate\":\"https:\/\/www.catchup-apps.com\/?s={search_term_string}\"},\"query-input\":{\"@type\":\"PropertyValueSpecification\",\"valueRequired\":true,\"valueName\":\"search_term_string\"}}],\"inLanguage\":\"en-US\"},{\"@type\":\"Organization\",\"@id\":\"https:\/\/www.catchup-apps.com\/#organization\",\"name\":\"Catchup Applications\",\"url\":\"https:\/\/www.catchup-apps.com\/\",\"logo\":{\"@type\":\"ImageObject\",\"inLanguage\":\"en-US\",\"@id\":\"https:\/\/www.catchup-apps.com\/#\/schema\/logo\/image\/\",\"url\":\"https:\/\/www.catchup-apps.com\/wordpress\/wp-content\/uploads\/2025\/02\/Catchup-Signet.svg\",\"contentUrl\":\"https:\/\/www.catchup-apps.com\/wordpress\/wp-content\/uploads\/2025\/02\/Catchup-Signet.svg\",\"width\":512,\"height\":512,\"caption\":\"Catchup Applications\"},\"image\":{\"@id\":\"https:\/\/www.catchup-apps.com\/#\/schema\/logo\/image\/\"},\"sameAs\":[\"https:\/\/www.linkedin.com\/company\/catchup-applications-kg\",\"https:\/\/www.youtube.com\/@catchupapplications\"]}]}<\/script>\n<!-- \/ Yoast SEO plugin. -->","yoast_head_json":{"title":"Imprint HRS-App - Catchup Applications","robots":{"index":"index","follow":"follow","max-snippet":"max-snippet:-1","max-image-preview":"max-image-preview:large","max-video-preview":"max-video-preview:-1"},"canonical":"https:\/\/www.catchup-apps.com\/imprint-hrs-app\/?lang=en","og_locale":"en_US","og_type":"article","og_title":"Imprint HRS-App - Catchup Applications","og_description":"Imprint Status as of 19.10.2021 Technically responsible: Catchup Applications KGGlockengie\u00dferwall 2620095 Hamburg+49 40 303066500info@catchup-apps.com Hamburg Local CourtHRA 125782St.Nr.: 48\/610\/04037VAT ID: [&hellip;]","og_url":"https:\/\/www.catchup-apps.com\/imprint-hrs-app\/?lang=en","og_site_name":"Catchup Applications","article_modified_time":"2025-05-22T15:18:49+00:00","twitter_card":"summary_large_image","schema":{"@context":"https:\/\/schema.org","@graph":[{"@type":"WebPage","@id":"https:\/\/www.catchup-apps.com\/imprint-hrs-app\/?lang=en","url":"https:\/\/www.catchup-apps.com\/imprint-hrs-app\/?lang=en","name":"Imprint HRS-App - Catchup Applications","isPartOf":{"@id":"https:\/\/www.catchup-apps.com\/#website"},"datePublished":"2025-04-22T10:34:05+00:00","dateModified":"2025-05-22T15:18:49+00:00","breadcrumb":{"@id":"https:\/\/www.catchup-apps.com\/imprint-hrs-app\/?lang=en#breadcrumb"},"inLanguage":"en-US","potentialAction":[{"@type":"ReadAction","target":["https:\/\/www.catchup-apps.com\/imprint-hrs-app\/?lang=en"]}]},{"@type":"BreadcrumbList","@id":"https:\/\/www.catchup-apps.com\/imprint-hrs-app\/?lang=en#breadcrumb","itemListElement":[{"@type":"ListItem","position":1,"name":"Home","item":"https:\/\/www.catchup-apps.com\/?lang=en"},{"@type":"ListItem","position":2,"name":"Imprint HRS-App"}]},{"@type":"WebSite","@id":"https:\/\/www.catchup-apps.com\/#website","url":"https:\/\/www.catchup-apps.com\/","name":"Catchup Applications","description":"Indoor-Navigation f\u00fcr Krankenh\u00e4user und Spit\u00e4ler","publisher":{"@id":"https:\/\/www.catchup-apps.com\/#organization"},"potentialAction":[{"@type":"SearchAction","target":{"@type":"EntryPoint","urlTemplate":"https:\/\/www.catchup-apps.com\/?s={search_term_string}"},"query-input":{"@type":"PropertyValueSpecification","valueRequired":true,"valueName":"search_term_string"}}],"inLanguage":"en-US"},{"@type":"Organization","@id":"https:\/\/www.catchup-apps.com\/#organization","name":"Catchup Applications","url":"https:\/\/www.catchup-apps.com\/","logo":{"@type":"ImageObject","inLanguage":"en-US","@id":"https:\/\/www.catchup-apps.com\/#\/schema\/logo\/image\/","url":"https:\/\/www.catchup-apps.com\/wordpress\/wp-content\/uploads\/2025\/02\/Catchup-Signet.svg","contentUrl":"https:\/\/www.catchup-apps.com\/wordpress\/wp-content\/uploads\/2025\/02\/Catchup-Signet.svg","width":512,"height":512,"caption":"Catchup Applications"},"image":{"@id":"https:\/\/www.catchup-apps.com\/#\/schema\/logo\/image\/"},"sameAs":["https:\/\/www.linkedin.com\/company\/catchup-applications-kg","https:\/\/www.youtube.com\/@catchupapplications"]}]}},"spectra_custom_meta":{"ast-main-header-display":[""],"ast-hfb-above-header-display":[""],"ast-hfb-below-header-display":[""],"ast-hfb-mobile-header-display":[""],"adv-header-id-meta":[""],"footer-sml-layout":[""],"header-above-stick-meta":[""],"header-below-stick-meta":[""],"site-post-title":["disabled"],"site-sidebar-layout":["default"],"site-content-layout":[""],"ast-featured-img":[""],"ast-banner-title-visibility":[""],"ast-global-header-display":[""],"ast-site-content-layout":[""],"site-content-style":["default"],"site-sidebar-style":["default"],"_top_nav_excluded":[""],"_cms_nav_minihome":[""],"_last_translation_edit_mode":["translation-editor"],"_wpml_word_count":["61"],"stick-header-meta":["enabled"],"ast-breadcrumbs-content":["disabled"],"theme-transparent-header-meta":["disabled"],"_wp_page_template":[""],"header-main-stick-meta":["disabled"],"_uag_css_file_name":["uag-css-859.css"],"_uag_page_assets":["a:9:{s:3:\"css\";s:7988:\".wp-block-uagb-container{display:flex;position:relative;box-sizing:border-box;transition-property:box-shadow;transition-duration:0.2s;transition-timing-function:ease}.wp-block-uagb-container .spectra-container-link-overlay{bottom:0;left:0;position:absolute;right:0;top:0;z-index:10}.wp-block-uagb-container.uagb-is-root-container{margin-left:auto;margin-right:auto}.wp-block-uagb-container.alignfull.uagb-is-root-container .uagb-container-inner-blocks-wrap{display:flex;position:relative;box-sizing:border-box;margin-left:auto !important;margin-right:auto !important}.wp-block-uagb-container .wp-block-uagb-blockquote,.wp-block-uagb-container .wp-block-spectra-pro-login,.wp-block-uagb-container .wp-block-spectra-pro-register{margin:unset}.wp-block-uagb-container .uagb-container__video-wrap{height:100%;width:100%;top:0;left:0;position:absolute;overflow:hidden;-webkit-transition:opacity 1s;-o-transition:opacity 1s;transition:opacity 1s}.wp-block-uagb-container .uagb-container__video-wrap video{max-width:100%;width:100%;height:100%;margin:0;line-height:1;border:none;display:inline-block;vertical-align:baseline;-o-object-fit:cover;object-fit:cover;background-size:cover}.wp-block-uagb-container.uagb-layout-grid{display:grid;width:100%}.wp-block-uagb-container.uagb-layout-grid>.uagb-container-inner-blocks-wrap{display:inherit;width:inherit}.wp-block-uagb-container.uagb-layout-grid>.uagb-container-inner-blocks-wrap>.wp-block-uagb-container{max-width:unset !important;width:unset !important}.wp-block-uagb-container.uagb-layout-grid>.wp-block-uagb-container{max-width:unset !important;width:unset !important}.wp-block-uagb-container.uagb-layout-grid.uagb-is-root-container{margin-left:auto;margin-right:auto}.wp-block-uagb-container.uagb-layout-grid.uagb-is-root-container>.wp-block-uagb-container{max-width:unset !important;width:unset !important}.wp-block-uagb-container.uagb-layout-grid.alignwide.uagb-is-root-container{margin-left:auto;margin-right:auto}.wp-block-uagb-container.uagb-layout-grid.alignfull.uagb-is-root-container .uagb-container-inner-blocks-wrap{display:inherit;position:relative;box-sizing:border-box;margin-left:auto !important;margin-right:auto !important}body .wp-block-uagb-container>.uagb-container-inner-blocks-wrap>*:not(.wp-block-uagb-container):not(.wp-block-uagb-column):not(.wp-block-uagb-container):not(.wp-block-uagb-section):not(.uagb-container__shape):not(.uagb-container__video-wrap):not(.wp-block-spectra-pro-register):not(.wp-block-spectra-pro-login):not(.uagb-slider-container):not(.spectra-image-gallery__control-lightbox):not(.wp-block-uagb-info-box),body .wp-block-uagb-container>.uagb-container-inner-blocks-wrap,body .wp-block-uagb-container>*:not(.wp-block-uagb-container):not(.wp-block-uagb-column):not(.wp-block-uagb-container):not(.wp-block-uagb-section):not(.uagb-container__shape):not(.uagb-container__video-wrap):not(.wp-block-spectra-pro-register):not(.wp-block-spectra-pro-login):not(.uagb-slider-container):not(.spectra-container-link-overlay):not(.spectra-image-gallery__control-lightbox):not(.wp-block-uagb-lottie):not(.uagb-faq__outer-wrap){min-width:unset !important;width:100%;position:relative}body .ast-container .wp-block-uagb-container>.uagb-container-inner-blocks-wrap>.wp-block-uagb-container>ul,body .ast-container .wp-block-uagb-container>.uagb-container-inner-blocks-wrap>.wp-block-uagb-container ol,body .ast-container .wp-block-uagb-container>.uagb-container-inner-blocks-wrap>ul,body .ast-container .wp-block-uagb-container>.uagb-container-inner-blocks-wrap ol{max-width:-webkit-fill-available;margin-block-start:0;margin-block-end:0;margin-left:20px}.ast-plain-container .editor-styles-wrapper .block-editor-block-list__layout.is-root-container .uagb-is-root-container.wp-block-uagb-container.alignwide{margin-left:auto;margin-right:auto}.uagb-container__shape{overflow:hidden;position:absolute;left:0;width:100%;line-height:0;direction:ltr}.uagb-container__shape-top{top:-3px}.uagb-container__shape-bottom{bottom:-3px}.uagb-container__shape.uagb-container__invert.uagb-container__shape-bottom,.uagb-container__shape.uagb-container__invert.uagb-container__shape-top{-webkit-transform:rotate(180deg);-ms-transform:rotate(180deg);transform:rotate(180deg)}.uagb-container__shape.uagb-container__shape-flip svg{transform:translateX(-50%) rotateY(180deg)}.uagb-container__shape svg{display:block;width:-webkit-calc(100% + 1.3px);width:calc(100% + 1.3px);position:relative;left:50%;-webkit-transform:translateX(-50%);-ms-transform:translateX(-50%);transform:translateX(-50%)}.uagb-container__shape .uagb-container__shape-fill{-webkit-transform-origin:center;-ms-transform-origin:center;transform-origin:center;-webkit-transform:rotateY(0deg);transform:rotateY(0deg)}.uagb-container__shape.uagb-container__shape-above-content{z-index:9;pointer-events:none}.nv-single-page-wrap .nv-content-wrap.entry-content .wp-block-uagb-container.alignfull{margin-left:calc(50% - 50vw);margin-right:calc(50% - 50vw)}@media only screen and (max-width: 767px){.wp-block-uagb-container .wp-block-uagb-advanced-heading{width:-webkit-fill-available}}.wp-block-uagb-image--align-none{justify-content:center}\n.wp-block-uagb-container.uagb-block-49e502c7 .uagb-container__shape-top svg{width: calc( 100% + 1.3px );}.wp-block-uagb-container.uagb-block-49e502c7 .uagb-container__shape.uagb-container__shape-top .uagb-container__shape-fill{fill: rgba(51,51,51,1);}.wp-block-uagb-container.uagb-block-49e502c7 .uagb-container__shape-bottom svg{width: calc( 100% + 1.3px );}.wp-block-uagb-container.uagb-block-49e502c7 .uagb-container__shape.uagb-container__shape-bottom .uagb-container__shape-fill{fill: rgba(51,51,51,1);}.wp-block-uagb-container.uagb-block-49e502c7 .uagb-container__video-wrap video{opacity: 1;}.wp-block-uagb-container.uagb-is-root-container .uagb-block-49e502c7{max-width: 100%;width: 100%;}.wp-block-uagb-container.uagb-is-root-container.alignfull.uagb-block-49e502c7 > .uagb-container-inner-blocks-wrap{--inner-content-custom-width: min( 100%, 1200px);max-width: var(--inner-content-custom-width);width: 100%;flex-direction: column;align-items: center;justify-content: center;flex-wrap: nowrap;row-gap: 20px;column-gap: 20px;}.wp-block-uagb-container.uagb-block-49e502c7{box-shadow: 0px 0px   #00000070 ;padding-top: 10px;padding-bottom: 10px;padding-left: 10px;padding-right: 10px;margin-top: 50px !important;margin-bottom: 50px !important;margin-left: 0px;margin-right: 0px;overflow: visible;order: initial;border-color: inherit;row-gap: 20px;column-gap: 20px;}@media only screen and (max-width: 976px) {.wp-block-uagb-container.uagb-is-root-container .uagb-block-49e502c7{width: 100%;}.wp-block-uagb-container.uagb-is-root-container.alignfull.uagb-block-49e502c7 > .uagb-container-inner-blocks-wrap{--inner-content-custom-width: min( 100%, 1024px);max-width: var(--inner-content-custom-width);width: 100%;}.wp-block-uagb-container.uagb-block-49e502c7{padding-top: 10px;padding-bottom: 10px;padding-left: 10px;padding-right: 10px;margin-top: 50px !important;margin-bottom: 50px !important;margin-left: 0px;margin-right: 0px;order: initial;}}@media only screen and (max-width: 767px) {.wp-block-uagb-container.uagb-is-root-container .uagb-block-49e502c7{max-width: 100%;width: 100%;}.wp-block-uagb-container.uagb-is-root-container.alignfull.uagb-block-49e502c7 > .uagb-container-inner-blocks-wrap{--inner-content-custom-width: min( 100%, 767px);max-width: var(--inner-content-custom-width);width: 100%;flex-wrap: wrap;}.wp-block-uagb-container.uagb-block-49e502c7{padding-top: 10px;padding-bottom: 10px;padding-left: 10px;padding-right: 10px;margin-top: 50px !important;margin-bottom: 50px !important;margin-left: 0px;margin-right: 0px;order: initial;}}.uag-blocks-common-selector{z-index:var(--z-index-desktop) !important}@media (max-width: 976px){.uag-blocks-common-selector{z-index:var(--z-index-tablet) !important}}@media (max-width: 767px){.uag-blocks-common-selector{z-index:var(--z-index-mobile) !important}}\n\";s:2:\"js\";s:0:\"\";s:18:\"current_block_list\";a:11:{i:0;s:14:\"uagb\/container\";i:1;s:12:\"core\/heading\";i:2;s:14:\"core\/paragraph\";i:3;s:11:\"core\/search\";i:4;s:10:\"core\/group\";i:5;s:17:\"core\/latest-posts\";i:6;s:20:\"core\/latest-comments\";i:7;s:13:\"core\/archives\";i:8;s:15:\"core\/categories\";i:9;s:9:\"core\/list\";i:10;s:14:\"core\/list-item\";}s:8:\"uag_flag\";b:1;s:11:\"uag_version\";s:10:\"1775404397\";s:6:\"gfonts\";a:0:{}s:10:\"gfonts_url\";s:0:\"\";s:12:\"gfonts_files\";a:0:{}s:14:\"uag_faq_layout\";b:0;}"]},"uagb_featured_image_src":{"full":false,"thumbnail":false,"medium":false,"medium_large":false,"large":false,"1536x1536":false,"2048x2048":false},"uagb_author_info":{"display_name":"Carolina Leal","author_link":"https:\/\/www.catchup-apps.com\/en\/author\/carolinaleal\/"},"uagb_comment_info":0,"uagb_excerpt":"Imprint Status as of 19.10.2021 Technically responsible: Catchup Applications KGGlockengie\u00dferwall 2620095 Hamburg+49 40 303066500info@catchup-apps.com Hamburg Local CourtHRA 125782St.Nr.: 48\/610\/04037VAT ID: [&hellip;]","_links":{"self":[{"href":"https:\/\/www.catchup-apps.com\/en\/wp-json\/wp\/v2\/pages\/859","targetHints":{"allow":["GET"]}}],"collection":[{"href":"https:\/\/www.catchup-apps.com\/en\/wp-json\/wp\/v2\/pages"}],"about":[{"href":"https:\/\/www.catchup-apps.com\/en\/wp-json\/wp\/v2\/types\/page"}],"author":[{"embeddable":true,"href":"https:\/\/www.catchup-apps.com\/en\/wp-json\/wp\/v2\/users\/6"}],"replies":[{"embeddable":true,"href":"https:\/\/www.catchup-apps.com\/en\/wp-json\/wp\/v2\/comments?post=859"}],"version-history":[{"count":4,"href":"https:\/\/www.catchup-apps.com\/en\/wp-json\/wp\/v2\/pages\/859\/revisions"}],"predecessor-version":[{"id":1327,"href":"https:\/\/www.catchup-apps.com\/en\/wp-json\/wp\/v2\/pages\/859\/revisions\/1327"}],"wp:attachment":[{"href":"https:\/\/www.catchup-apps.com\/en\/wp-json\/wp\/v2\/media?parent=859"}],"wp:term":[{"taxonomy":"wf_page_folders","embeddable":true,"href":"https:\/\/www.catchup-apps.com\/en\/wp-json\/wp\/v2\/wf_page_folders?post=859"}],"curies":[{"name":"wp","href":"https:\/\/api.w.org\/{rel}","templated":true}]}}